{"id":18168,"date":"2023-12-29T00:49:18","date_gmt":"2023-12-29T03:49:18","guid":{"rendered":"https:\/\/lantyer.com.br\/?page_id=18168"},"modified":"2024-06-28T00:00:45","modified_gmt":"2024-06-28T03:00:45","slug":"article-submission","status":"publish","type":"page","link":"https:\/\/lantyer.com.br\/en\/article-submission\/","title":{"rendered":"Article Submission"},"content":{"rendered":"\t\t<div data-elementor-type=\"wp-page\" data-elementor-id=\"18168\" class=\"elementor elementor-18168\" data-elementor-settings=\"{&quot;element_pack_global_tooltip_width&quot;:{&quot;unit&quot;:&quot;px&quot;,&quot;size&quot;:&quot;&quot;,&quot;sizes&quot;:[]},&quot;element_pack_global_tooltip_width_tablet&quot;:{&quot;unit&quot;:&quot;px&quot;,&quot;size&quot;:&quot;&quot;,&quot;sizes&quot;:[]},&quot;element_pack_global_tooltip_width_mobile&quot;:{&quot;unit&quot;:&quot;px&quot;,&quot;size&quot;:&quot;&quot;,&quot;sizes&quot;:[]},&quot;element_pack_global_tooltip_padding&quot;:{&quot;unit&quot;:&quot;px&quot;,&quot;top&quot;:&quot;&quot;,&quot;right&quot;:&quot;&quot;,&quot;bottom&quot;:&quot;&quot;,&quot;left&quot;:&quot;&quot;,&quot;isLinked&quot;:true},&quot;element_pack_global_tooltip_padding_tablet&quot;:{&quot;unit&quot;:&quot;px&quot;,&quot;top&quot;:&quot;&quot;,&quot;right&quot;:&quot;&quot;,&quot;bottom&quot;:&quot;&quot;,&quot;left&quot;:&quot;&quot;,&quot;isLinked&quot;:true},&quot;element_pack_global_tooltip_padding_mobile&quot;:{&quot;unit&quot;:&quot;px&quot;,&quot;top&quot;:&quot;&quot;,&quot;right&quot;:&quot;&quot;,&quot;bottom&quot;:&quot;&quot;,&quot;left&quot;:&quot;&quot;,&quot;isLinked&quot;:true},&quot;element_pack_global_tooltip_border_radius&quot;:{&quot;unit&quot;:&quot;px&quot;,&quot;top&quot;:&quot;&quot;,&quot;right&quot;:&quot;&quot;,&quot;bottom&quot;:&quot;&quot;,&quot;left&quot;:&quot;&quot;,&quot;isLinked&quot;:true},&quot;element_pack_global_tooltip_border_radius_tablet&quot;:{&quot;unit&quot;:&quot;px&quot;,&quot;top&quot;:&quot;&quot;,&quot;right&quot;:&quot;&quot;,&quot;bottom&quot;:&quot;&quot;,&quot;left&quot;:&quot;&quot;,&quot;isLinked&quot;:true},&quot;element_pack_global_tooltip_border_radius_mobile&quot;:{&quot;unit&quot;:&quot;px&quot;,&quot;top&quot;:&quot;&quot;,&quot;right&quot;:&quot;&quot;,&quot;bottom&quot;:&quot;&quot;,&quot;left&quot;:&quot;&quot;,&quot;isLinked&quot;:true}}\" data-elementor-post-type=\"page\">\n\t\t\t\t\t\t<section class=\"elementor-section elementor-top-section elementor-element elementor-element-2d61b59c elementor-section-stretched elementor-section-height-full elementor-section-content-middle elementor-section-boxed elementor-section-height-default elementor-section-items-middle\" data-id=\"2d61b59c\" data-element_type=\"section\" data-e-type=\"section\" data-settings=\"{&quot;stretch_section&quot;:&quot;section-stretched&quot;,&quot;background_background&quot;:&quot;video&quot;,&quot;background_video_link&quot;:&quot;https:\\\/\\\/www.youtube.com\\\/watch?v=tP4QuS2LUsk&quot;}\">\n\t\t\t\t\t\t\t\t<div class=\"elementor-background-video-container elementor-hidden-mobile\">\n\t\t\t\t\t\t\t\t\t\t\t\t\t<div class=\"elementor-background-video-embed\" role=\"presentation\"><\/div>\n\t\t\t\t\t\t\t\t\t\t\t\t<\/div>\n\t\t\t\t\t\t\t\t\t<div class=\"elementor-background-overlay\"><\/div>\n\t\t\t\t\t\t\t<div class=\"elementor-container elementor-column-gap-default\">\n\t\t\t\t\t<div class=\"elementor-column elementor-col-100 elementor-top-column elementor-element elementor-element-2d8782c2\" data-id=\"2d8782c2\" data-element_type=\"column\" data-e-type=\"column\">\n\t\t\t<div class=\"elementor-widget-wrap elementor-element-populated\">\n\t\t\t\t\t\t<div class=\"elementor-element elementor-element-dfd38d1 elementor-widget elementor-widget-pix-heading\" data-id=\"dfd38d1\" data-element_type=\"widget\" data-e-type=\"widget\" data-widget_type=\"pix-heading.default\">\n\t\t\t\t<div class=\"elementor-widget-container\">\n\t\t\t\t\t<div  class=\"pix-heading-el text-center \"><h1 class=\"text-gradient-primary text-bg-img font-weight-bold h1 heading-text el-title_custom_color mb-12\" style=\"background-image:url(https:\/\/lantyer.com.br\/wp-content\/uploads\/2023\/12\/lucas-k-wQLAGv4_OYs-unsplash-scaled.jpg) !important;\" data-anim-type=\"\" data-anim-delay=\"\">Destaque-se no Mundo Jur\u00eddico: Publique no Lantyer e Transforme Sua Carreira.<\/h1><\/div>\t\t\t\t<\/div>\n\t\t\t\t<\/div>\n\t\t\t\t<div class=\"elementor-element elementor-element-10c7d6ac envato-kit-30-div-rotate elementor-widget-divider--view-line elementor-invisible elementor-widget elementor-widget-divider\" data-id=\"10c7d6ac\" data-element_type=\"widget\" data-e-type=\"widget\" data-settings=\"{&quot;_animation&quot;:&quot;fadeIn&quot;}\" data-widget_type=\"divider.default\">\n\t\t\t\t<div class=\"elementor-widget-container\">\n\t\t\t\t\t\t\t<div class=\"elementor-divider\">\n\t\t\t<span class=\"elementor-divider-separator\">\n\t\t\t\t\t\t<\/span>\n\t\t<\/div>\n\t\t\t\t\t\t<\/div>\n\t\t\t\t<\/div>\n\t\t\t\t<div class=\"elementor-element elementor-element-5710ef5d animated-slow elementor-invisible elementor-widget elementor-widget-heading\" data-id=\"5710ef5d\" data-element_type=\"widget\" data-e-type=\"widget\" data-settings=\"{&quot;_animation&quot;:&quot;fadeInUp&quot;}\" data-widget_type=\"heading.default\">\n\t\t\t\t<div class=\"elementor-widget-container\">\n\t\t\t\t\t<h3 class=\"elementor-heading-title elementor-size-default\">Junte-se a uma comunidade vibrante de autores vision\u00e1rios que est\u00e3o moldando o futuro do jur\u00eddico. Aqui, voc\u00ea n\u00e3o \u00e9 apenas um escritor; \u00e9 um l\u00edder intelectual, um agente de mudan\u00e7a. O Lantyer \u00e9 o lugar onde os melhores autores se destacam.<\/h3>\t\t\t\t<\/div>\n\t\t\t\t<\/div>\n\t\t\t\t<div class=\"elementor-element elementor-element-772078e2 elementor-align-center elementor-invisible elementor-widget elementor-widget-button\" data-id=\"772078e2\" data-element_type=\"widget\" data-e-type=\"widget\" data-settings=\"{&quot;_animation&quot;:&quot;fadeInUp&quot;}\" data-widget_type=\"button.default\">\n\t\t\t\t<div class=\"elementor-widget-container\">\n\t\t\t\t\t\t\t\t\t<div class=\"elementor-button-wrapper\">\n\t\t\t\t\t<a class=\"elementor-button elementor-button-link elementor-size-sm elementor-animation-sink\" href=\"#submissao\">\n\t\t\t\t\t\t<span class=\"elementor-button-content-wrapper\">\n\t\t\t\t\t\t\t\t\t<span class=\"elementor-button-text\">SUBMETA SEU ARTIGO<\/span>\n\t\t\t\t\t<\/span>\n\t\t\t\t\t<\/a>\n\t\t\t\t<\/div>\n\t\t\t\t\t\t\t\t<\/div>\n\t\t\t\t<\/div>\n\t\t\t\t\t<\/div>\n\t\t<\/div>\n\t\t\t\t\t<\/div>\n\t\t<\/section>\n\t\t\t\t<section class=\"elementor-section elementor-top-section elementor-element elementor-element-40e942c elementor-section-content-middle elementor-section-boxed elementor-section-height-default elementor-section-height-default\" data-id=\"40e942c\" data-element_type=\"section\" data-e-type=\"section\" id=\"submissao\" data-settings=\"{&quot;background_background&quot;:&quot;classic&quot;}\">\n\t\t\t\t\t\t<div class=\"elementor-container elementor-column-gap-wider\">\n\t\t\t\t\t<div class=\"elementor-column elementor-col-50 elementor-top-column elementor-element elementor-element-5e990d8a\" data-id=\"5e990d8a\" data-element_type=\"column\" data-e-type=\"column\">\n\t\t\t<div class=\"elementor-widget-wrap elementor-element-populated\">\n\t\t\t\t\t<div class=\"elementor-background-overlay\"><\/div>\n\t\t\t\t\t\t<div class=\"elementor-element elementor-element-7243719c elementor-widget-divider--view-line elementor-widget elementor-widget-divider\" data-id=\"7243719c\" data-element_type=\"widget\" data-e-type=\"widget\" data-widget_type=\"divider.default\">\n\t\t\t\t<div class=\"elementor-widget-container\">\n\t\t\t\t\t\t\t<div class=\"elementor-divider\">\n\t\t\t<span class=\"elementor-divider-separator\">\n\t\t\t\t\t\t<\/span>\n\t\t<\/div>\n\t\t\t\t\t\t<\/div>\n\t\t\t\t<\/div>\n\t\t\t\t<div class=\"elementor-element elementor-element-5223068 elementor-button-align-stretch elementor-widget elementor-widget-form\" data-id=\"5223068\" data-element_type=\"widget\" data-e-type=\"widget\" data-settings=\"{&quot;step_next_label&quot;:&quot;Pr\\u00f3ximo&quot;,&quot;step_previous_label&quot;:&quot;Previous&quot;,&quot;button_width&quot;:&quot;100&quot;,&quot;step_type&quot;:&quot;number_text&quot;,&quot;step_icon_shape&quot;:&quot;circle&quot;}\" data-widget_type=\"form.default\">\n\t\t\t\t<div class=\"elementor-widget-container\">\n\t\t\t\t\t\t\t<form class=\"elementor-form\" method=\"post\" name=\"New Form\" aria-label=\"New Form\">\n\t\t\t<input type=\"hidden\" name=\"post_id\" value=\"18168\"\/>\n\t\t\t<input type=\"hidden\" name=\"form_id\" value=\"5223068\"\/>\n\t\t\t<input type=\"hidden\" name=\"referer_title\" value=\"Submiss\u00e3o de Artigo &#8211; Lantyer Educacional\" \/>\n\n\t\t\t\t\t\t\t<input type=\"hidden\" name=\"queried_id\" value=\"18168\"\/>\n\t\t\t\n\t\t\t<div class=\"elementor-form-fields-wrapper elementor-labels-above\">\n\t\t\t\t\t\t\t\t<div class=\"elementor-field-type-text elementor-field-group elementor-column elementor-field-group-name elementor-col-100 elementor-field-required elementor-mark-required\">\n\t\t\t\t\t\t\t\t\t\t\t\t<label for=\"form-field-name\" class=\"elementor-field-label\">\n\t\t\t\t\t\t\t\tNome\t\t\t\t\t\t\t<\/label>\n\t\t\t\t\t\t\t\t\t\t\t\t\t\t<input size=\"1\" type=\"text\" name=\"form_fields[name]\" id=\"form-field-name\" class=\"elementor-field elementor-size-sm  elementor-field-textual\" placeholder=\"Nome\" required=\"required\">\n\t\t\t\t\t\t\t\t\t\t\t<\/div>\n\t\t\t\t\t\t\t\t<div class=\"elementor-field-type-email elementor-field-group elementor-column elementor-field-group-email elementor-col-100 elementor-field-required elementor-mark-required\">\n\t\t\t\t\t\t\t\t\t\t\t\t<label for=\"form-field-email\" class=\"elementor-field-label\">\n\t\t\t\t\t\t\t\tEmail\t\t\t\t\t\t\t<\/label>\n\t\t\t\t\t\t\t\t\t\t\t\t\t\t<input size=\"1\" type=\"email\" name=\"form_fields[email]\" id=\"form-field-email\" class=\"elementor-field elementor-size-sm  elementor-field-textual\" placeholder=\"Email\" required=\"required\">\n\t\t\t\t\t\t\t\t\t\t\t<\/div>\n\t\t\t\t\t\t\t\t<div class=\"elementor-field-type-textarea elementor-field-group elementor-column elementor-field-group-message elementor-col-100 elementor-field-required elementor-mark-required\">\n\t\t\t\t\t\t\t\t\t\t\t\t<label for=\"form-field-message\" class=\"elementor-field-label\">\n\t\t\t\t\t\t\t\tResumo do Artigo\t\t\t\t\t\t\t<\/label>\n\t\t\t\t\t\t<textarea class=\"elementor-field-textual elementor-field  elementor-size-sm\" name=\"form_fields[message]\" id=\"form-field-message\" rows=\"4\" placeholder=\"Escreva aqui\" required=\"required\"><\/textarea>\t\t\t\t<\/div>\n\t\t\t\t\t\t\t\t<div class=\"elementor-field-type-textarea elementor-field-group elementor-column elementor-field-group-field_ba6ac00 elementor-col-100 elementor-field-required elementor-mark-required\">\n\t\t\t\t\t\t\t\t\t\t\t\t<label for=\"form-field-field_ba6ac00\" class=\"elementor-field-label\">\n\t\t\t\t\t\t\t\tMini curr\u00edculo\t\t\t\t\t\t\t<\/label>\n\t\t\t\t\t\t<textarea class=\"elementor-field-textual elementor-field  elementor-size-sm\" name=\"form_fields[field_ba6ac00]\" id=\"form-field-field_ba6ac00\" rows=\"4\" placeholder=\"Escreva aqui\" required=\"required\"><\/textarea>\t\t\t\t<\/div>\n\t\t\t\t\t\t\t\t<div class=\"elementor-field-type-upload elementor-field-group elementor-column elementor-field-group-field_78c474a elementor-col-100 elementor-field-required elementor-mark-required\">\n\t\t\t\t\t\t\t\t\t\t\t\t<label for=\"form-field-field_78c474a\" class=\"elementor-field-label\">\n\t\t\t\t\t\t\t\tUpload\t\t\t\t\t\t\t<\/label>\n\t\t\t\t\t\t\t\t<input type=\"file\" name=\"form_fields[field_78c474a]\" id=\"form-field-field_78c474a\" class=\"elementor-field elementor-size-sm  elementor-upload-field\" required=\"required\" data-maxsize=\"27\" data-maxsize-message=\"Esse arquivo excede o tamanho m\u00e1ximo permitido.\">\n\n\t\t\t\t\t\t<\/div>\n\t\t\t\t\t\t\t\t<div class=\"elementor-field-type-recaptcha_v3 elementor-field-group elementor-column elementor-field-group-field_9d31a15 elementor-col-100 recaptcha_v3-bottomright\">\n\t\t\t\t\t<div class=\"elementor-field\" id=\"form-field-field_9d31a15\"><div class=\"elementor-g-recaptcha\" data-sitekey=\"6LesdT8pAAAAAIDqLxEMX-j8B3hoWZT8xAAQdRoP\" data-type=\"v3\" data-action=\"Form\" data-badge=\"bottomright\" data-size=\"invisible\"><\/div><\/div>\t\t\t\t<\/div>\n\t\t\t\t\t\t\t\t<div class=\"elementor-field-group elementor-column elementor-field-type-submit elementor-col-100 e-form__buttons\">\n\t\t\t\t\t<button class=\"elementor-button elementor-size-sm\" type=\"submit\">\n\t\t\t\t\t\t<span class=\"elementor-button-content-wrapper\">\n\t\t\t\t\t\t\t\t\t\t\t\t\t\t\t<span class=\"elementor-button-icon\">\n\t\t\t\t\t\t\t\t\t<svg aria-hidden=\"true\" class=\"e-font-icon-svg e-far-paper-plane\" viewBox=\"0 0 512 512\" xmlns=\"http:\/\/www.w3.org\/2000\/svg\"><path d=\"M440 6.5L24 246.4c-34.4 19.9-31.1 70.8 5.7 85.9L144 379.6V464c0 46.4 59.2 65.5 86.6 28.6l43.8-59.1 111.9 46.2c5.9 2.4 12.1 3.6 18.3 3.6 8.2 0 16.3-2.1 23.6-6.2 12.8-7.2 21.6-20 23.9-34.5l59.4-387.2c6.1-40.1-36.9-68.8-71.5-48.9zM192 464v-64.6l36.6 15.1L192 464zm212.6-28.7l-153.8-63.5L391 169.5c10.7-15.5-9.5-33.5-23.7-21.2L155.8 332.6 48 288 464 48l-59.4 387.3z\"><\/path><\/svg>\t\t\t\t\t\t\t\t\t\t\t\t\t\t\t\t\t<\/span>\n\t\t\t\t\t\t\t\t\t\t\t\t\t\t\t\t\t\t\t\t\t\t<span class=\"elementor-button-text\">Enviar<\/span>\n\t\t\t\t\t\t\t\t\t\t\t\t\t<\/span>\n\t\t\t\t\t<\/button>\n\t\t\t\t<\/div>\n\t\t\t<\/div>\n\t\t<\/form>\n\t\t\t\t\t\t<\/div>\n\t\t\t\t<\/div>\n\t\t\t\t\t<\/div>\n\t\t<\/div>\n\t\t\t\t<div class=\"elementor-column elementor-col-50 elementor-top-column elementor-element elementor-element-6563a6df\" data-id=\"6563a6df\" data-element_type=\"column\" data-e-type=\"column\">\n\t\t\t<div class=\"elementor-widget-wrap elementor-element-populated\">\n\t\t\t\t\t\t<div class=\"elementor-element elementor-element-7a33f4db elementor--h-position-left elementor--v-position-bottom elementor-pagination-position-outside elementor-widget elementor-widget-slides\" data-id=\"7a33f4db\" data-element_type=\"widget\" data-e-type=\"widget\" data-settings=\"{&quot;navigation&quot;:&quot;dots&quot;,&quot;infinite&quot;:&quot;yes&quot;,&quot;transition&quot;:&quot;slide&quot;,&quot;transition_speed&quot;:500}\" data-widget_type=\"slides.default\">\n\t\t\t\t<div class=\"elementor-widget-container\">\n\t\t\t\t\t\t\t\t\t<div class=\"elementor-swiper\">\n\t\t\t\t\t<div class=\"elementor-slides-wrapper elementor-main-swiper swiper\" role=\"region\" aria-roledescription=\"carousel\" aria-label=\"Slides\" dir=\"ltr\" data-animation=\"fadeInUp\">\n\t\t\t\t<div class=\"swiper-wrapper elementor-slides\">\n\t\t\t\t\t\t\t\t\t\t<div class=\"elementor-repeater-item-8f6f4de swiper-slide\" role=\"group\" aria-roledescription=\"slide\"><div class=\"swiper-slide-bg elementor-ken-burns elementor-ken-burns--in\" role=\"img\" aria-label=\"ian-stauffer-bH7kZ0yazB0-unsplash\"><\/div><div class=\"elementor-background-overlay\"><\/div><div class=\"swiper-slide-inner\" ><div class=\"swiper-slide-contents\"><\/div><\/div><\/div>\t\t\t\t<\/div>\n\t\t\t\t\t\t\t<\/div>\n\t\t\t\t<\/div>\n\t\t\t\t\t\t\t\t<\/div>\n\t\t\t\t<\/div>\n\t\t\t\t\t<\/div>\n\t\t<\/div>\n\t\t\t\t\t<\/div>\n\t\t<\/section>\n\t\t\t\t<\/div>\n\t\t","protected":false},"excerpt":{"rendered":"<p>Destaque-se no Mundo Jur\u00eddico: Publique no Lantyer e Transforme Sua Carreira. Junte-se a uma comunidade vibrante de autores vision\u00e1rios que est\u00e3o moldando o futuro do jur\u00eddico. Aqui, voc\u00ea n\u00e3o \u00e9 apenas um escritor; \u00e9 um l\u00edder intelectual, um agente de&#8230;<\/p>","protected":false},"author":1,"featured_media":0,"parent":0,"menu_order":0,"comment_status":"closed","ping_status":"closed","template":"elementor_canvas","meta":{"footnotes":""},"class_list":["post-18168","page","type-page","status-publish","hentry"],"yoast_head":"<!-- This site is optimized with the Yoast SEO Premium plugin v27.5 (Yoast SEO v27.5) - https:\/\/yoast.com\/product\/yoast-seo-premium-wordpress\/ -->\n<title>Submiss\u00e3o de Artigo &#8211; Lantyer Educacional<\/title>\n<meta name=\"description\" content=\"Conhecimento jur\u00eddico de forma simples, f\u00e1cil e democr\u00e1tica. F\u00e1cil, Simples. Somos uma plataforma voltada para dissemina\u00e7\u00e3o do conhecimento jur\u00eddico, atrav\u00e9s de cursos, livros, publica\u00e7\u00e3o de artigos e dicas legais.\" \/>\n<meta name=\"robots\" content=\"index, follow, max-snippet:-1, max-image-preview:large, max-video-preview:-1\" \/>\n<link rel=\"canonical\" href=\"https:\/\/lantyer.com.br\/en\/article-submission\/\" \/>\n<meta property=\"og:locale\" content=\"en_US\" \/>\n<meta property=\"og:type\" content=\"article\" \/>\n<meta property=\"og:title\" content=\"Submiss\u00e3o de Artigo\" \/>\n<meta property=\"og:description\" content=\"Conhecimento jur\u00eddico de forma simples, f\u00e1cil e democr\u00e1tica. F\u00e1cil, Simples. Somos uma plataforma voltada para dissemina\u00e7\u00e3o do conhecimento jur\u00eddico, atrav\u00e9s de cursos, livros, publica\u00e7\u00e3o de artigos e dicas legais.\" \/>\n<meta property=\"og:url\" content=\"https:\/\/lantyer.com.br\/en\/article-submission\/\" \/>\n<meta property=\"og:site_name\" content=\"Lantyer Educacional\" \/>\n<meta property=\"article:publisher\" content=\"https:\/\/www.facebook.com\/lantyereducacional\" \/>\n<meta property=\"article:modified_time\" content=\"2024-06-28T03:00:45+00:00\" \/>\n<meta property=\"og:image\" content=\"https:\/\/lantyer.com.br\/wp-content\/uploads\/2024\/08\/Aula-01-Agente-de-IA.jpg\" \/>\n\t<meta property=\"og:image:width\" content=\"1920\" \/>\n\t<meta property=\"og:image:height\" content=\"1080\" \/>\n\t<meta property=\"og:image:type\" content=\"image\/jpeg\" \/>\n<meta name=\"twitter:card\" content=\"summary_large_image\" \/>\n<meta name=\"twitter:label1\" content=\"Est. reading time\" \/>\n\t<meta name=\"twitter:data1\" content=\"1 minute\" \/>\n<script type=\"application\/ld+json\" class=\"yoast-schema-graph\">{\"@context\":\"https:\\\/\\\/schema.org\",\"@graph\":[{\"@type\":\"WebPage\",\"@id\":\"https:\\\/\\\/lantyer.com.br\\\/submissao-de-artigo\\\/\",\"url\":\"https:\\\/\\\/lantyer.com.br\\\/submissao-de-artigo\\\/\",\"name\":\"Submiss\u00e3o de Artigo &#8211; Lantyer Educacional\",\"isPartOf\":{\"@id\":\"https:\\\/\\\/lantyer.com.br\\\/#website\"},\"datePublished\":\"2023-12-29T03:49:18+00:00\",\"dateModified\":\"2024-06-28T03:00:45+00:00\",\"description\":\"Conhecimento jur\u00eddico de forma simples, f\u00e1cil e democr\u00e1tica. F\u00e1cil, Simples. Somos uma plataforma voltada para dissemina\u00e7\u00e3o do conhecimento jur\u00eddico, atrav\u00e9s de cursos, livros, publica\u00e7\u00e3o de artigos e dicas legais.\",\"breadcrumb\":{\"@id\":\"https:\\\/\\\/lantyer.com.br\\\/submissao-de-artigo\\\/#breadcrumb\"},\"inLanguage\":\"en-US\",\"potentialAction\":[{\"@type\":\"ReadAction\",\"target\":[\"https:\\\/\\\/lantyer.com.br\\\/submissao-de-artigo\\\/\"]}]},{\"@type\":\"BreadcrumbList\",\"@id\":\"https:\\\/\\\/lantyer.com.br\\\/submissao-de-artigo\\\/#breadcrumb\",\"itemListElement\":[{\"@type\":\"ListItem\",\"position\":1,\"name\":\"In\u00edcio\",\"item\":\"https:\\\/\\\/lantyer.com.br\\\/\"},{\"@type\":\"ListItem\",\"position\":2,\"name\":\"Submiss\u00e3o de Artigo\"}]},{\"@type\":\"WebSite\",\"@id\":\"https:\\\/\\\/lantyer.com.br\\\/#website\",\"url\":\"https:\\\/\\\/lantyer.com.br\\\/\",\"name\":\"Lantyer Educacional\",\"description\":\"Direito Descomplicado. Simples, F\u00e1cil e Democr\u00e1tico\",\"publisher\":{\"@id\":\"https:\\\/\\\/lantyer.com.br\\\/#organization\"},\"potentialAction\":[{\"@type\":\"SearchAction\",\"target\":{\"@type\":\"EntryPoint\",\"urlTemplate\":\"https:\\\/\\\/lantyer.com.br\\\/?s={search_term_string}\"},\"query-input\":{\"@type\":\"PropertyValueSpecification\",\"valueRequired\":true,\"valueName\":\"search_term_string\"}}],\"inLanguage\":\"en-US\"},{\"@type\":\"Organization\",\"@id\":\"https:\\\/\\\/lantyer.com.br\\\/#organization\",\"name\":\"Lantyer Educacional\",\"url\":\"https:\\\/\\\/lantyer.com.br\\\/\",\"logo\":{\"@type\":\"ImageObject\",\"inLanguage\":\"en-US\",\"@id\":\"https:\\\/\\\/lantyer.com.br\\\/#\\\/schema\\\/logo\\\/image\\\/\",\"url\":\"https:\\\/\\\/lantyer.com.br\\\/wp-content\\\/uploads\\\/2024\\\/01\\\/cropped-logo_transparent_background.png\",\"contentUrl\":\"https:\\\/\\\/lantyer.com.br\\\/wp-content\\\/uploads\\\/2024\\\/01\\\/cropped-logo_transparent_background.png\",\"width\":3400,\"height\":938,\"caption\":\"Lantyer Educacional\"},\"image\":{\"@id\":\"https:\\\/\\\/lantyer.com.br\\\/#\\\/schema\\\/logo\\\/image\\\/\"},\"sameAs\":[\"https:\\\/\\\/www.facebook.com\\\/lantyereducacional\",\"https:\\\/\\\/www.instagram.com\\\/lantyereducacional\",\"https:\\\/\\\/www.linkedin.com\\\/company\\\/lantyer-educacional\",\"https:\\\/\\\/t.me\\\/lantyereducacional\"],\"description\":\"Lantyer Educacional \u00e9 uma plataforma inovadora focada na educa\u00e7\u00e3o jur\u00eddica de alta qualidade. Oferecemos cursos online exclusivos para advogados, estudantes e operadores do direito, com \u00eanfase em tecnologia, intelig\u00eancia artificial e direito digital. Nosso objetivo \u00e9 capacitar profissionais com as ferramentas necess\u00e1rias para se destacarem no mercado jur\u00eddico moderno, proporcionando aprendizado pr\u00e1tico e atualizado.\",\"publishingPrinciples\":\"https:\\\/\\\/lantyer.com.br\\\/submissao-de-artigo\\\/\"}]}<\/script>\n<!-- \/ Yoast SEO Premium plugin. -->","yoast_head_json":{"title":"Article Submission \u2013 Lantyer Educational","description":"Legal knowledge made simple, easy, and democratic. Easy, Simple. We are a platform dedicated to disseminating legal knowledge through courses, books, articles, and legal tips.","robots":{"index":"index","follow":"follow","max-snippet":"max-snippet:-1","max-image-preview":"max-image-preview:large","max-video-preview":"max-video-preview:-1"},"canonical":"https:\/\/lantyer.com.br\/en\/article-submission\/","og_locale":"en_US","og_type":"article","og_title":"Submiss\u00e3o de Artigo","og_description":"Conhecimento jur\u00eddico de forma simples, f\u00e1cil e democr\u00e1tica. F\u00e1cil, Simples. Somos uma plataforma voltada para dissemina\u00e7\u00e3o do conhecimento jur\u00eddico, atrav\u00e9s de cursos, livros, publica\u00e7\u00e3o de artigos e dicas legais.","og_url":"https:\/\/lantyer.com.br\/en\/article-submission\/","og_site_name":"Lantyer Educacional","article_publisher":"https:\/\/www.facebook.com\/lantyereducacional","article_modified_time":"2024-06-28T03:00:45+00:00","og_image":[{"width":1920,"height":1080,"url":"https:\/\/lantyer.com.br\/wp-content\/uploads\/2024\/08\/Aula-01-Agente-de-IA.jpg","type":"image\/jpeg"}],"twitter_card":"summary_large_image","twitter_misc":{"Est. reading time":"1 minute"},"schema":{"@context":"https:\/\/schema.org","@graph":[{"@type":"WebPage","@id":"https:\/\/lantyer.com.br\/submissao-de-artigo\/","url":"https:\/\/lantyer.com.br\/submissao-de-artigo\/","name":"Article Submission \u2013 Lantyer Educational","isPartOf":{"@id":"https:\/\/lantyer.com.br\/#website"},"datePublished":"2023-12-29T03:49:18+00:00","dateModified":"2024-06-28T03:00:45+00:00","description":"Legal knowledge made simple, easy, and democratic. Easy, Simple. We are a platform dedicated to disseminating legal knowledge through courses, books, articles, and legal tips.","breadcrumb":{"@id":"https:\/\/lantyer.com.br\/submissao-de-artigo\/#breadcrumb"},"inLanguage":"en-US","potentialAction":[{"@type":"ReadAction","target":["https:\/\/lantyer.com.br\/submissao-de-artigo\/"]}]},{"@type":"BreadcrumbList","@id":"https:\/\/lantyer.com.br\/submissao-de-artigo\/#breadcrumb","itemListElement":[{"@type":"ListItem","position":1,"name":"In\u00edcio","item":"https:\/\/lantyer.com.br\/"},{"@type":"ListItem","position":2,"name":"Submiss\u00e3o de Artigo"}]},{"@type":"WebSite","@id":"https:\/\/lantyer.com.br\/#website","url":"https:\/\/lantyer.com.br\/","name":"Lantyer Educational","description":"Uncomplicated Law. Simple, Easy, and Democratic","publisher":{"@id":"https:\/\/lantyer.com.br\/#organization"},"potentialAction":[{"@type":"SearchAction","target":{"@type":"EntryPoint","urlTemplate":"https:\/\/lantyer.com.br\/?s={search_term_string}"},"query-input":{"@type":"PropertyValueSpecification","valueRequired":true,"valueName":"search_term_string"}}],"inLanguage":"en-US"},{"@type":"Organization","@id":"https:\/\/lantyer.com.br\/#organization","name":"Lantyer Educational","url":"https:\/\/lantyer.com.br\/","logo":{"@type":"ImageObject","inLanguage":"en-US","@id":"https:\/\/lantyer.com.br\/#\/schema\/logo\/image\/","url":"https:\/\/lantyer.com.br\/wp-content\/uploads\/2024\/01\/cropped-logo_transparent_background.png","contentUrl":"https:\/\/lantyer.com.br\/wp-content\/uploads\/2024\/01\/cropped-logo_transparent_background.png","width":3400,"height":938,"caption":"Lantyer Educacional"},"image":{"@id":"https:\/\/lantyer.com.br\/#\/schema\/logo\/image\/"},"sameAs":["https:\/\/www.facebook.com\/lantyereducacional","https:\/\/www.instagram.com\/lantyereducacional","https:\/\/www.linkedin.com\/company\/lantyer-educacional","https:\/\/t.me\/lantyereducacional"],"description":"Lantyer Educacional is an innovative platform focused on high-quality legal education. We offer exclusive online courses for lawyers, students, and legal professionals, with an emphasis on technology, artificial intelligence, and digital law. Our goal is to empower professionals with the necessary tools to excel in the modern legal market, providing practical and up-to-date learning.","publishingPrinciples":"https:\/\/lantyer.com.br\/submissao-de-artigo\/"}]}},"_links":{"self":[{"href":"https:\/\/lantyer.com.br\/en\/wp-json\/wp\/v2\/pages\/18168","targetHints":{"allow":["GET"]}}],"collection":[{"href":"https:\/\/lantyer.com.br\/en\/wp-json\/wp\/v2\/pages"}],"about":[{"href":"https:\/\/lantyer.com.br\/en\/wp-json\/wp\/v2\/types\/page"}],"author":[{"embeddable":true,"href":"https:\/\/lantyer.com.br\/en\/wp-json\/wp\/v2\/users\/1"}],"replies":[{"embeddable":true,"href":"https:\/\/lantyer.com.br\/en\/wp-json\/wp\/v2\/comments?post=18168"}],"version-history":[{"count":9,"href":"https:\/\/lantyer.com.br\/en\/wp-json\/wp\/v2\/pages\/18168\/revisions"}],"predecessor-version":[{"id":19898,"href":"https:\/\/lantyer.com.br\/en\/wp-json\/wp\/v2\/pages\/18168\/revisions\/19898"}],"wp:attachment":[{"href":"https:\/\/lantyer.com.br\/en\/wp-json\/wp\/v2\/media?parent=18168"}],"curies":[{"name":"wp","href":"https:\/\/api.w.org\/{rel}","templated":true}]}}