{"id":308,"date":"2020-08-14T04:11:26","date_gmt":"2020-08-14T07:11:26","guid":{"rendered":"http:\/\/lantyer.com.br\/?page_id=308"},"modified":"2024-06-28T00:05:26","modified_gmt":"2024-06-28T03:05:26","slug":"publish-your-article","status":"publish","type":"page","link":"https:\/\/lantyer.com.br\/en\/publish-your-article\/","title":{"rendered":"Publish your Article"},"content":{"rendered":"\t\t<div data-elementor-type=\"wp-page\" data-elementor-id=\"308\" class=\"elementor elementor-308\" data-elementor-settings=\"{&quot;element_pack_global_tooltip_width&quot;:{&quot;unit&quot;:&quot;px&quot;,&quot;size&quot;:&quot;&quot;,&quot;sizes&quot;:[]},&quot;element_pack_global_tooltip_width_tablet&quot;:{&quot;unit&quot;:&quot;px&quot;,&quot;size&quot;:&quot;&quot;,&quot;sizes&quot;:[]},&quot;element_pack_global_tooltip_width_mobile&quot;:{&quot;unit&quot;:&quot;px&quot;,&quot;size&quot;:&quot;&quot;,&quot;sizes&quot;:[]},&quot;element_pack_global_tooltip_padding&quot;:{&quot;unit&quot;:&quot;px&quot;,&quot;top&quot;:&quot;&quot;,&quot;right&quot;:&quot;&quot;,&quot;bottom&quot;:&quot;&quot;,&quot;left&quot;:&quot;&quot;,&quot;isLinked&quot;:true},&quot;element_pack_global_tooltip_padding_tablet&quot;:{&quot;unit&quot;:&quot;px&quot;,&quot;top&quot;:&quot;&quot;,&quot;right&quot;:&quot;&quot;,&quot;bottom&quot;:&quot;&quot;,&quot;left&quot;:&quot;&quot;,&quot;isLinked&quot;:true},&quot;element_pack_global_tooltip_padding_mobile&quot;:{&quot;unit&quot;:&quot;px&quot;,&quot;top&quot;:&quot;&quot;,&quot;right&quot;:&quot;&quot;,&quot;bottom&quot;:&quot;&quot;,&quot;left&quot;:&quot;&quot;,&quot;isLinked&quot;:true},&quot;element_pack_global_tooltip_border_radius&quot;:{&quot;unit&quot;:&quot;px&quot;,&quot;top&quot;:&quot;&quot;,&quot;right&quot;:&quot;&quot;,&quot;bottom&quot;:&quot;&quot;,&quot;left&quot;:&quot;&quot;,&quot;isLinked&quot;:true},&quot;element_pack_global_tooltip_border_radius_tablet&quot;:{&quot;unit&quot;:&quot;px&quot;,&quot;top&quot;:&quot;&quot;,&quot;right&quot;:&quot;&quot;,&quot;bottom&quot;:&quot;&quot;,&quot;left&quot;:&quot;&quot;,&quot;isLinked&quot;:true},&quot;element_pack_global_tooltip_border_radius_mobile&quot;:{&quot;unit&quot;:&quot;px&quot;,&quot;top&quot;:&quot;&quot;,&quot;right&quot;:&quot;&quot;,&quot;bottom&quot;:&quot;&quot;,&quot;left&quot;:&quot;&quot;,&quot;isLinked&quot;:true}}\" data-elementor-post-type=\"page\">\n\t\t\t\t<div class=\"elementor-element elementor-element-d4aef0d e-flex e-con-boxed e-con e-parent\" data-id=\"d4aef0d\" data-element_type=\"container\" data-e-type=\"container\" data-settings=\"{&quot;background_background&quot;:&quot;slideshow&quot;,&quot;background_slideshow_gallery&quot;:[{&quot;id&quot;:19842,&quot;url&quot;:&quot;https:\\\/\\\/lantyer.com.br\\\/wp-content\\\/uploads\\\/2024\\\/02\\\/cropped-pexels-tara-winstead-8386440-scaled-1.jpg&quot;},{&quot;id&quot;:17706,&quot;url&quot;:&quot;https:\\\/\\\/lantyer.com.br\\\/wp-content\\\/uploads\\\/2023\\\/12\\\/ellen-melin-mwZi86OIrvM-unsplash-scaled.jpg&quot;}],&quot;background_slideshow_ken_burns&quot;:&quot;yes&quot;,&quot;background_slideshow_loop&quot;:&quot;yes&quot;,&quot;background_slideshow_slide_duration&quot;:5000,&quot;background_slideshow_slide_transition&quot;:&quot;fade&quot;,&quot;background_slideshow_transition_duration&quot;:500,&quot;background_slideshow_ken_burns_zoom_direction&quot;:&quot;in&quot;}\">\n\t\t\t\t\t<div class=\"e-con-inner\">\n\t\t<div class=\"elementor-element elementor-element-81f35ac e-con-full e-flex e-con e-child\" data-id=\"81f35ac\" data-element_type=\"container\" data-e-type=\"container\">\n\t\t\t\t<div class=\"elementor-element elementor-element-49ce144 elementor-widget elementor-widget-pix-heading\" data-id=\"49ce144\" data-element_type=\"widget\" data-e-type=\"widget\" data-widget_type=\"pix-heading.default\">\n\t\t\t\t<div class=\"elementor-widget-container\">\n\t\t\t\t\t<div  class=\"pix-heading-el text-center \"><h1 class=\"text-gradient-primary text-bg-img font-weight-bold h1 heading-text el-title_custom_color mb-12\" style=\"background-image:url(https:\/\/lantyer.com.br\/wp-content\/uploads\/2023\/12\/pawel-czerwinski-vI5XwPbGvmY-unsplash-scaled.jpg) !important;\" data-anim-type=\"\" data-anim-delay=\"\">Obrigado pelo Interesse!<\/h1><\/div>\t\t\t\t<\/div>\n\t\t\t\t<\/div>\n\t\t\t\t<div class=\"elementor-element elementor-element-2c70a7d elementor-invisible elementor-widget elementor-widget-pix-highlighted-text\" data-id=\"2c70a7d\" data-element_type=\"widget\" data-e-type=\"widget\" data-widget_type=\"pix-highlighted-text.default\">\n\t\t\t\t<div class=\"elementor-widget-container\">\n\t\t\t\t\t<div id=\"el-2c70a7d\" class=\"pix-highlighted-element text-center \"><h4 class=\"pix-highlighted-items animate-in\" style=\"\" data-anim-type=\"fade-in-Img\" data-anim-delay=\"0\"><span id=\"el-2c70a7d-0\"  class=\" elementor-repeater-item-ef3edc3\"><span   class=\"pix-highlighted-text  pix-highlight-item font-weight-normal  body-font text-white\">A Publica\u00e7\u00e3o no <\/span><\/span><span id=\"el-2c70a7d-1\"  class=\" elementor-repeater-item-51462ea\"><span   class=\"pix-highlighted-text  pix-highlight-item font-weight-normal  body-font text-white\">Lantyer Educacional <\/span><\/span><span id=\"el-2c70a7d-2\" class=\"pix-highlight-bg   elementor-repeater-item-8b377d2 animate-in\" data-anim-type=\"highlight-grow\" data-anim-delay=\"200\"><span   class=\"pix-highlighted-text pix-highlight-item font-weight-normal  body-font text-white\">\u00e9 aberta a todos interessados, gratuita e fica sujeita as regras aqui dispostas.<\/span><\/span><\/h4><\/div>\t\t\t\t<\/div>\n\t\t\t\t<\/div>\n\t\t\t\t<div class=\"elementor-element elementor-element-4a339b2 elementor-widget elementor-widget-pix-button\" data-id=\"4a339b2\" data-element_type=\"widget\" data-e-type=\"widget\" id=\"#requisito\" data-widget_type=\"pix-button.default\">\n\t\t\t\t<div class=\"elementor-widget-container\">\n\t\t\t\t\t<a  href=\"#requisito\" class=\"btn m-0    #requisito scale-inverse-lg text-white btn-blue btn-flat d-inline-flex align-items-center     btn-rounded animate-in btn-md\"   data-anim-type=\"fade-in-Img\" data-anim-delay=\"0\" ><span class=\"font-weight-bold \" >Clique aqui<\/span><\/a>\t\t\t\t<\/div>\n\t\t\t\t<\/div>\n\t\t\t\t<\/div>\n\t\t\t\t\t<\/div>\n\t\t\t\t<\/div>\n\t\t\t\t<section class=\"elementor-section elementor-top-section elementor-element elementor-element-c16982b elementor-section-content-middle elementor-reverse-mobile elementor-section-boxed elementor-section-height-default elementor-section-height-default\" data-id=\"c16982b\" data-element_type=\"section\" data-e-type=\"section\" data-settings=\"{&quot;background_background&quot;:&quot;classic&quot;}\">\n\t\t\t\t\t\t<div class=\"elementor-container elementor-column-gap-default\">\n\t\t\t\t\t<div class=\"elementor-column elementor-col-66 elementor-top-column elementor-element elementor-element-cf76402\" data-id=\"cf76402\" data-element_type=\"column\" data-e-type=\"column\" data-settings=\"{&quot;background_background&quot;:&quot;classic&quot;}\">\n\t\t\t<div class=\"elementor-widget-wrap elementor-element-populated\">\n\t\t\t\t\t\t<div class=\"elementor-element elementor-element-8f15f14 elementor-widget elementor-widget-heading\" data-id=\"8f15f14\" data-element_type=\"widget\" data-e-type=\"widget\" data-widget_type=\"heading.default\">\n\t\t\t\t<div class=\"elementor-widget-container\">\n\t\t\t\t\t<h2 class=\"elementor-heading-title elementor-size-default\">Requisitos<\/h2>\t\t\t\t<\/div>\n\t\t\t\t<\/div>\n\t\t\t\t<div class=\"elementor-element elementor-element-129813c elementor-widget elementor-widget-text-editor\" data-id=\"129813c\" data-element_type=\"widget\" data-e-type=\"widget\" data-widget_type=\"text-editor.default\">\n\t\t\t\t<div class=\"elementor-widget-container\">\n\t\t\t\t\t\t\t\t\t<p><strong>CONTE\u00daDO<\/strong><\/p><ul><li>Os textos devem abordar assuntos eminentemente jur\u00eddicos, embasados em legisla\u00e7\u00e3o, jurisprud\u00eancia ou doutrina.<\/li><li>Voc\u00ea pode enviar textos te\u00f3ricos (ensaios e artigos) e dicas pr\u00e1ticas e te\u00f3ricas.<\/li><li>N\u00e3o \u00e9 necess\u00e1rio ineditismo ou exclusividade.<\/li><\/ul><p><strong>AUTORIA<\/strong><\/p><ul><li>O texto deve ser de autoria do pr\u00f3prio usu\u00e1rio que far\u00e1 a publica\u00e7\u00e3o.<\/li><li>N\u00e3o ser\u00e3o aceitos artigos escritos por terceiros, por mais de um autor ou enviados por assessorias de imprensa ou em nome de pessoa jur\u00eddica.<\/li><\/ul><p><strong>FORMATA\u00c7\u00c3O<\/strong><\/p><ul><li>Os textos podem ter qualquer tamanho ou formata\u00e7\u00e3o.<\/li><li>M\u00e1ximo de 15 p\u00e1ginas A4.<\/li><li>Ser\u00e3o aceitos apenas arquivos no formato de documento (<span style=\"text-decoration: underline;\"><strong>docx)<\/strong><\/span>, com no m\u00e1ximo 15 MB de tamanho.<\/li><\/ul><p><strong>DIREITOS AUTORAIS<\/strong><\/p><ul><li>Voc\u00ea deve cumprir a legisla\u00e7\u00e3o de direitos autorais.<\/li><li>O artigo deve conter as refer\u00eancias que foram utilizadas no texto, sejam bibliogr\u00e1ficas ou n\u00e3o.<\/li><li>Utilize as regras previstas na NBR 6.023\/2022.<\/li><\/ul><p><strong>PUBLICA\u00c7\u00c3O<\/strong><\/p><ul><li>O texto que voc\u00ea enviar por este formul\u00e1rio ser\u00e1 avaliado, e caso aprovado, ser\u00e1 publicado no site.<\/li><li>No caso de serem necess\u00e1rias corre\u00e7\u00f5es, ser\u00e3o comunicadas via e-mail.<\/li><li>Os artigos que se destacarem aparecer\u00e3o no topo da pagina principal.<\/li><\/ul><p><strong>AVISOS<\/strong><\/p><ul><li>N\u00e3o emitimos certificado de publica\u00e7\u00e3o de artigos.<\/li><li>N\u00e3o possu\u00edmos registro no ISSN.\u00a0<\/li><\/ul>\t\t\t\t\t\t\t\t<\/div>\n\t\t\t\t<\/div>\n\t\t\t\t<div class=\"elementor-element elementor-element-5caf7fd elementor-align-center elementor-button-success elementor-widget elementor-widget-button\" data-id=\"5caf7fd\" data-element_type=\"widget\" data-e-type=\"widget\" id=\"requisito\" data-widget_type=\"button.default\">\n\t\t\t\t<div class=\"elementor-widget-container\">\n\t\t\t\t\t\t\t\t\t<div class=\"elementor-button-wrapper\">\n\t\t\t\t\t<a class=\"elementor-button elementor-button-link elementor-size-md\" href=\"https:\/\/lantyer.com.br\/submissao-de-artigo\" id=\"requisito\">\n\t\t\t\t\t\t<span class=\"elementor-button-content-wrapper\">\n\t\t\t\t\t\t<span class=\"elementor-button-icon\">\n\t\t\t\t<svg aria-hidden=\"true\" class=\"e-font-icon-svg e-far-lightbulb\" viewBox=\"0 0 352 512\" xmlns=\"http:\/\/www.w3.org\/2000\/svg\"><path d=\"M176 80c-52.94 0-96 43.06-96 96 0 8.84 7.16 16 16 16s16-7.16 16-16c0-35.3 28.72-64 64-64 8.84 0 16-7.16 16-16s-7.16-16-16-16zM96.06 459.17c0 3.15.93 6.22 2.68 8.84l24.51 36.84c2.97 4.46 7.97 7.14 13.32 7.14h78.85c5.36 0 10.36-2.68 13.32-7.14l24.51-36.84c1.74-2.62 2.67-5.7 2.68-8.84l.05-43.18H96.02l.04 43.18zM176 0C73.72 0 0 82.97 0 176c0 44.37 16.45 84.85 43.56 115.78 16.64 18.99 42.74 58.8 52.42 92.16v.06h48v-.12c-.01-4.77-.72-9.51-2.15-14.07-5.59-17.81-22.82-64.77-62.17-109.67-20.54-23.43-31.52-53.15-31.61-84.14-.2-73.64 59.67-128 127.95-128 70.58 0 128 57.42 128 128 0 30.97-11.24 60.85-31.65 84.14-39.11 44.61-56.42 91.47-62.1 109.46a47.507 47.507 0 0 0-2.22 14.3v.1h48v-.05c9.68-33.37 35.78-73.18 52.42-92.16C335.55 260.85 352 220.37 352 176 352 78.8 273.2 0 176 0z\"><\/path><\/svg>\t\t\t<\/span>\n\t\t\t\t\t\t\t\t\t<span class=\"elementor-button-text\">Continuar<\/span>\n\t\t\t\t\t<\/span>\n\t\t\t\t\t<\/a>\n\t\t\t\t<\/div>\n\t\t\t\t\t\t\t\t<\/div>\n\t\t\t\t<\/div>\n\t\t\t\t\t<\/div>\n\t\t<\/div>\n\t\t\t\t<div class=\"elementor-column elementor-col-33 elementor-top-column elementor-element elementor-element-6e46a28\" data-id=\"6e46a28\" data-element_type=\"column\" data-e-type=\"column\" data-settings=\"{&quot;background_background&quot;:&quot;classic&quot;}\">\n\t\t\t<div class=\"elementor-widget-wrap elementor-element-populated\">\n\t\t\t\t\t\t<div class=\"elementor-element elementor-element-df159c2 elementor-widget elementor-widget-image\" data-id=\"df159c2\" data-element_type=\"widget\" data-e-type=\"widget\" data-widget_type=\"image.default\">\n\t\t\t\t<div class=\"elementor-widget-container\">\n\t\t\t\t\t\t\t\t\t\t\t\t\t\t\t<img fetchpriority=\"high\" decoding=\"async\" width=\"1229\" height=\"1536\" src=\"https:\/\/lantyer.com.br\/wp-content\/uploads\/2023\/12\/pawel-nolbert-291146-unsplash-1229x1536.jpg\" class=\"attachment-1536x1536 size-1536x1536 wp-image-18140\" alt=\"\" srcset=\"https:\/\/lantyer.com.br\/wp-content\/uploads\/2023\/12\/pawel-nolbert-291146-unsplash-1229x1536.jpg 1229w, https:\/\/lantyer.com.br\/wp-content\/uploads\/2023\/12\/pawel-nolbert-291146-unsplash-1638x2048.jpg 1638w, https:\/\/lantyer.com.br\/wp-content\/uploads\/2023\/12\/pawel-nolbert-291146-unsplash-150x188.jpg 150w\" sizes=\"(max-width: 1229px) 100vw, 1229px\" \/>\t\t\t\t\t\t\t\t\t\t\t\t\t\t\t<\/div>\n\t\t\t\t<\/div>\n\t\t\t\t\t<\/div>\n\t\t<\/div>\n\t\t\t\t\t<\/div>\n\t\t<\/section>\n\t\t\t\t<\/div>\n\t\t","protected":false},"excerpt":{"rendered":"<p>Obrigado pelo Interesse! A Publica\u00e7\u00e3o no Lantyer Educacional \u00e9 aberta a todos interessados, gratuita e fica sujeita as regras aqui dispostas. Clique aqui Requisitos CONTE\u00daDO Os textos devem abordar assuntos eminentemente jur\u00eddicos, embasados em legisla\u00e7\u00e3o, jurisprud\u00eancia ou doutrina. Voc\u00ea pode&#8230;<\/p>","protected":false},"author":1,"featured_media":0,"parent":0,"menu_order":0,"comment_status":"closed","ping_status":"closed","template":"elementor_header_footer","meta":{"footnotes":""},"class_list":["post-308","page","type-page","status-publish","hentry"],"yoast_head":"<!-- This site is optimized with the Yoast SEO Premium plugin v26.1 (Yoast SEO v27.4) - https:\/\/yoast.com\/product\/yoast-seo-premium-wordpress\/ -->\n<title>Publique seu Artigo &#8211; Lantyer Educacional<\/title>\n<meta name=\"description\" content=\"Conhecimento jur\u00eddico de forma simples, f\u00e1cil e democr\u00e1tica. F\u00e1cil, Simples. Somos uma plataforma voltada para dissemina\u00e7\u00e3o do conhecimento jur\u00eddico, atrav\u00e9s de cursos, livros, publica\u00e7\u00e3o de artigos e dicas legais.\" \/>\n<meta name=\"robots\" content=\"index, follow, max-snippet:-1, max-image-preview:large, max-video-preview:-1\" \/>\n<link rel=\"canonical\" href=\"https:\/\/lantyer.com.br\/en\/publish-your-article\/\" \/>\n<meta property=\"og:locale\" content=\"en_US\" \/>\n<meta property=\"og:type\" content=\"article\" \/>\n<meta property=\"og:title\" content=\"Publique seu Artigo\" \/>\n<meta property=\"og:description\" content=\"Conhecimento jur\u00eddico de forma simples, f\u00e1cil e democr\u00e1tica. F\u00e1cil, Simples. Somos uma plataforma voltada para dissemina\u00e7\u00e3o do conhecimento jur\u00eddico, atrav\u00e9s de cursos, livros, publica\u00e7\u00e3o de artigos e dicas legais.\" \/>\n<meta property=\"og:url\" content=\"https:\/\/lantyer.com.br\/en\/publish-your-article\/\" \/>\n<meta property=\"og:site_name\" content=\"Lantyer Educacional\" \/>\n<meta property=\"article:publisher\" content=\"https:\/\/www.facebook.com\/lantyereducacional\" \/>\n<meta property=\"article:modified_time\" content=\"2024-06-28T03:05:26+00:00\" \/>\n<meta property=\"og:image\" content=\"https:\/\/lantyer.com.br\/wp-content\/uploads\/2023\/12\/pawel-nolbert-291146-unsplash-1229x1536.jpg\" \/>\n<meta name=\"twitter:card\" content=\"summary_large_image\" \/>\n<meta name=\"twitter:label1\" content=\"Est. reading time\" \/>\n\t<meta name=\"twitter:data1\" content=\"2 minutes\" \/>\n<script type=\"application\/ld+json\" class=\"yoast-schema-graph\">{\"@context\":\"https:\\\/\\\/schema.org\",\"@graph\":[{\"@type\":\"WebPage\",\"@id\":\"https:\\\/\\\/lantyer.com.br\\\/publique-seu-artigo\\\/\",\"url\":\"https:\\\/\\\/lantyer.com.br\\\/publique-seu-artigo\\\/\",\"name\":\"Publique seu Artigo &#8211; Lantyer Educacional\",\"isPartOf\":{\"@id\":\"https:\\\/\\\/lantyer.com.br\\\/#website\"},\"primaryImageOfPage\":{\"@id\":\"https:\\\/\\\/lantyer.com.br\\\/publique-seu-artigo\\\/#primaryimage\"},\"image\":{\"@id\":\"https:\\\/\\\/lantyer.com.br\\\/publique-seu-artigo\\\/#primaryimage\"},\"thumbnailUrl\":\"https:\\\/\\\/lantyer.com.br\\\/wp-content\\\/uploads\\\/2023\\\/12\\\/pawel-nolbert-291146-unsplash-1229x1536.jpg\",\"datePublished\":\"2020-08-14T07:11:26+00:00\",\"dateModified\":\"2024-06-28T03:05:26+00:00\",\"description\":\"Conhecimento jur\u00eddico de forma simples, f\u00e1cil e democr\u00e1tica. F\u00e1cil, Simples. Somos uma plataforma voltada para dissemina\u00e7\u00e3o do conhecimento jur\u00eddico, atrav\u00e9s de cursos, livros, publica\u00e7\u00e3o de artigos e dicas legais.\",\"breadcrumb\":{\"@id\":\"https:\\\/\\\/lantyer.com.br\\\/publique-seu-artigo\\\/#breadcrumb\"},\"inLanguage\":\"en-US\",\"potentialAction\":[{\"@type\":\"ReadAction\",\"target\":[\"https:\\\/\\\/lantyer.com.br\\\/publique-seu-artigo\\\/\"]}]},{\"@type\":\"ImageObject\",\"inLanguage\":\"en-US\",\"@id\":\"https:\\\/\\\/lantyer.com.br\\\/publique-seu-artigo\\\/#primaryimage\",\"url\":\"https:\\\/\\\/lantyer.com.br\\\/wp-content\\\/uploads\\\/2023\\\/12\\\/pawel-nolbert-291146-unsplash-1229x1536.jpg\",\"contentUrl\":\"https:\\\/\\\/lantyer.com.br\\\/wp-content\\\/uploads\\\/2023\\\/12\\\/pawel-nolbert-291146-unsplash-1229x1536.jpg\"},{\"@type\":\"BreadcrumbList\",\"@id\":\"https:\\\/\\\/lantyer.com.br\\\/publique-seu-artigo\\\/#breadcrumb\",\"itemListElement\":[{\"@type\":\"ListItem\",\"position\":1,\"name\":\"In\u00edcio\",\"item\":\"https:\\\/\\\/lantyer.com.br\\\/\"},{\"@type\":\"ListItem\",\"position\":2,\"name\":\"Publique seu Artigo\"}]},{\"@type\":\"WebSite\",\"@id\":\"https:\\\/\\\/lantyer.com.br\\\/#website\",\"url\":\"https:\\\/\\\/lantyer.com.br\\\/\",\"name\":\"Lantyer Educacional\",\"description\":\"Direito Descomplicado. Simples, F\u00e1cil e Democr\u00e1tico\",\"publisher\":{\"@id\":\"https:\\\/\\\/lantyer.com.br\\\/#organization\"},\"potentialAction\":[{\"@type\":\"SearchAction\",\"target\":{\"@type\":\"EntryPoint\",\"urlTemplate\":\"https:\\\/\\\/lantyer.com.br\\\/?s={search_term_string}\"},\"query-input\":{\"@type\":\"PropertyValueSpecification\",\"valueRequired\":true,\"valueName\":\"search_term_string\"}}],\"inLanguage\":\"en-US\"},{\"@type\":\"Organization\",\"@id\":\"https:\\\/\\\/lantyer.com.br\\\/#organization\",\"name\":\"Lantyer Educacional\",\"url\":\"https:\\\/\\\/lantyer.com.br\\\/\",\"logo\":{\"@type\":\"ImageObject\",\"inLanguage\":\"en-US\",\"@id\":\"https:\\\/\\\/lantyer.com.br\\\/#\\\/schema\\\/logo\\\/image\\\/\",\"url\":\"https:\\\/\\\/lantyer.com.br\\\/wp-content\\\/uploads\\\/2024\\\/01\\\/cropped-logo_transparent_background.png\",\"contentUrl\":\"https:\\\/\\\/lantyer.com.br\\\/wp-content\\\/uploads\\\/2024\\\/01\\\/cropped-logo_transparent_background.png\",\"width\":3400,\"height\":938,\"caption\":\"Lantyer Educacional\"},\"image\":{\"@id\":\"https:\\\/\\\/lantyer.com.br\\\/#\\\/schema\\\/logo\\\/image\\\/\"},\"sameAs\":[\"https:\\\/\\\/www.facebook.com\\\/lantyereducacional\",\"https:\\\/\\\/www.instagram.com\\\/lantyereducacional\",\"https:\\\/\\\/www.linkedin.com\\\/company\\\/lantyer-educacional\",\"https:\\\/\\\/t.me\\\/lantyereducacional\"],\"description\":\"Lantyer Educacional \u00e9 uma plataforma inovadora focada na educa\u00e7\u00e3o jur\u00eddica de alta qualidade. Oferecemos cursos online exclusivos para advogados, estudantes e operadores do direito, com \u00eanfase em tecnologia, intelig\u00eancia artificial e direito digital. Nosso objetivo \u00e9 capacitar profissionais com as ferramentas necess\u00e1rias para se destacarem no mercado jur\u00eddico moderno, proporcionando aprendizado pr\u00e1tico e atualizado.\",\"publishingPrinciples\":\"https:\\\/\\\/lantyer.com.br\\\/submissao-de-artigo\\\/\"}]}<\/script>\n<!-- \/ Yoast SEO Premium plugin. -->","yoast_head_json":{"title":"Publish your article \u2013 Lantyer Educational","description":"Legal knowledge made simple, easy, and democratic. Easy, Simple. We are a platform dedicated to disseminating legal knowledge through courses, books, articles, and legal tips.","robots":{"index":"index","follow":"follow","max-snippet":"max-snippet:-1","max-image-preview":"max-image-preview:large","max-video-preview":"max-video-preview:-1"},"canonical":"https:\/\/lantyer.com.br\/en\/publish-your-article\/","og_locale":"en_US","og_type":"article","og_title":"Publique seu Artigo","og_description":"Conhecimento jur\u00eddico de forma simples, f\u00e1cil e democr\u00e1tica. F\u00e1cil, Simples. Somos uma plataforma voltada para dissemina\u00e7\u00e3o do conhecimento jur\u00eddico, atrav\u00e9s de cursos, livros, publica\u00e7\u00e3o de artigos e dicas legais.","og_url":"https:\/\/lantyer.com.br\/en\/publish-your-article\/","og_site_name":"Lantyer Educacional","article_publisher":"https:\/\/www.facebook.com\/lantyereducacional","article_modified_time":"2024-06-28T03:05:26+00:00","og_image":[{"url":"https:\/\/lantyer.com.br\/wp-content\/uploads\/2023\/12\/pawel-nolbert-291146-unsplash-1229x1536.jpg","type":"","width":"","height":""}],"twitter_card":"summary_large_image","twitter_misc":{"Est. reading time":"2 minutes"},"schema":{"@context":"https:\/\/schema.org","@graph":[{"@type":"WebPage","@id":"https:\/\/lantyer.com.br\/publique-seu-artigo\/","url":"https:\/\/lantyer.com.br\/publique-seu-artigo\/","name":"Publish your article \u2013 Lantyer Educational","isPartOf":{"@id":"https:\/\/lantyer.com.br\/#website"},"primaryImageOfPage":{"@id":"https:\/\/lantyer.com.br\/publique-seu-artigo\/#primaryimage"},"image":{"@id":"https:\/\/lantyer.com.br\/publique-seu-artigo\/#primaryimage"},"thumbnailUrl":"https:\/\/lantyer.com.br\/wp-content\/uploads\/2023\/12\/pawel-nolbert-291146-unsplash-1229x1536.jpg","datePublished":"2020-08-14T07:11:26+00:00","dateModified":"2024-06-28T03:05:26+00:00","description":"Legal knowledge made simple, easy, and democratic. Easy, Simple. We are a platform dedicated to disseminating legal knowledge through courses, books, articles, and legal tips.","breadcrumb":{"@id":"https:\/\/lantyer.com.br\/publique-seu-artigo\/#breadcrumb"},"inLanguage":"en-US","potentialAction":[{"@type":"ReadAction","target":["https:\/\/lantyer.com.br\/publique-seu-artigo\/"]}]},{"@type":"ImageObject","inLanguage":"en-US","@id":"https:\/\/lantyer.com.br\/publique-seu-artigo\/#primaryimage","url":"https:\/\/lantyer.com.br\/wp-content\/uploads\/2023\/12\/pawel-nolbert-291146-unsplash-1229x1536.jpg","contentUrl":"https:\/\/lantyer.com.br\/wp-content\/uploads\/2023\/12\/pawel-nolbert-291146-unsplash-1229x1536.jpg"},{"@type":"BreadcrumbList","@id":"https:\/\/lantyer.com.br\/publique-seu-artigo\/#breadcrumb","itemListElement":[{"@type":"ListItem","position":1,"name":"In\u00edcio","item":"https:\/\/lantyer.com.br\/"},{"@type":"ListItem","position":2,"name":"Publique seu Artigo"}]},{"@type":"WebSite","@id":"https:\/\/lantyer.com.br\/#website","url":"https:\/\/lantyer.com.br\/","name":"Lantyer Educational","description":"Uncomplicated Law. Simple, Easy, and Democratic","publisher":{"@id":"https:\/\/lantyer.com.br\/#organization"},"potentialAction":[{"@type":"SearchAction","target":{"@type":"EntryPoint","urlTemplate":"https:\/\/lantyer.com.br\/?s={search_term_string}"},"query-input":{"@type":"PropertyValueSpecification","valueRequired":true,"valueName":"search_term_string"}}],"inLanguage":"en-US"},{"@type":"Organization","@id":"https:\/\/lantyer.com.br\/#organization","name":"Lantyer Educational","url":"https:\/\/lantyer.com.br\/","logo":{"@type":"ImageObject","inLanguage":"en-US","@id":"https:\/\/lantyer.com.br\/#\/schema\/logo\/image\/","url":"https:\/\/lantyer.com.br\/wp-content\/uploads\/2024\/01\/cropped-logo_transparent_background.png","contentUrl":"https:\/\/lantyer.com.br\/wp-content\/uploads\/2024\/01\/cropped-logo_transparent_background.png","width":3400,"height":938,"caption":"Lantyer Educacional"},"image":{"@id":"https:\/\/lantyer.com.br\/#\/schema\/logo\/image\/"},"sameAs":["https:\/\/www.facebook.com\/lantyereducacional","https:\/\/www.instagram.com\/lantyereducacional","https:\/\/www.linkedin.com\/company\/lantyer-educacional","https:\/\/t.me\/lantyereducacional"],"description":"Lantyer Educacional is an innovative platform focused on high-quality legal education. We offer exclusive online courses for lawyers, students, and legal professionals, with an emphasis on technology, artificial intelligence, and digital law. Our goal is to empower professionals with the necessary tools to excel in the modern legal market, providing practical and up-to-date learning.","publishingPrinciples":"https:\/\/lantyer.com.br\/submissao-de-artigo\/"}]}},"_links":{"self":[{"href":"https:\/\/lantyer.com.br\/en\/wp-json\/wp\/v2\/pages\/308","targetHints":{"allow":["GET"]}}],"collection":[{"href":"https:\/\/lantyer.com.br\/en\/wp-json\/wp\/v2\/pages"}],"about":[{"href":"https:\/\/lantyer.com.br\/en\/wp-json\/wp\/v2\/types\/page"}],"author":[{"embeddable":true,"href":"https:\/\/lantyer.com.br\/en\/wp-json\/wp\/v2\/users\/1"}],"replies":[{"embeddable":true,"href":"https:\/\/lantyer.com.br\/en\/wp-json\/wp\/v2\/comments?post=308"}],"version-history":[{"count":6,"href":"https:\/\/lantyer.com.br\/en\/wp-json\/wp\/v2\/pages\/308\/revisions"}],"predecessor-version":[{"id":19904,"href":"https:\/\/lantyer.com.br\/en\/wp-json\/wp\/v2\/pages\/308\/revisions\/19904"}],"wp:attachment":[{"href":"https:\/\/lantyer.com.br\/en\/wp-json\/wp\/v2\/media?parent=308"}],"curies":[{"name":"wp","href":"https:\/\/api.w.org\/{rel}","templated":true}]}}